{"id":186,"date":"2014-09-18T17:04:20","date_gmt":"2014-09-18T16:04:20","guid":{"rendered":"https:\/\/cmeici.com\/?page_id=186"},"modified":"2014-11-21T21:27:22","modified_gmt":"2014-11-21T20:27:22","slug":"useful-links","status":"publish","type":"page","link":"https:\/\/cmeici.com\/en\/sprinkler-systems\/useful-links\/","title":{"rendered":"Useful links"},"content":{"rendered":"<h2>Useful links<\/h2>\n<div class=\"liens-flex row\">\n<ul class=\"liens-liste\">\n<li>Canadian Automatic Sprinkler Association<br \/>\n<a href=\"https:\/\/www.casa-firesprinkler.org\" target=\"_blank\">www.casa-firesprinkler.org<\/a><\/li>\n<li>Society of Fire Protection Engineers<br \/>\n<a href=\"https:\/\/www.sfpe.org\" target=\"_blank\">www.sfpe.org<\/a><\/li>\n<li>American Fire Sprinkler Association<br \/>\n<a href=\"https:\/\/www.sprinklernet.org\" target=\"_blank\">www.sprinklernet.org<\/a><\/li>\n<li>National Fire Protection Association<br \/>\n<a href=\"https:\/\/www.nfpa.org\" target=\"_blank\">www.nfpa.org<\/a><\/li>\n<li>Home Fire Sprinkler Association<br \/>\n<a href=\"https:\/\/www.homefiresprinkler.org\" target=\"_blank\">www.homefiresprinkler.org<\/a><\/li>\n<li>Association de la Construction Qu\u00e9bec<br \/>\n<a href=\"https:\/\/www.acq.org\" target=\"_blank\">www.acq.org<\/a><\/li>\n<li>R\u00e9gie du B\u00e2timent Qu\u00e9bec<br \/>\n<a href=\"https:\/\/www.rbq.gouv.qc.ca\" target=\"_blank\">www.rbq.gouv.qc.ca<\/a><\/li>\n<\/ul>\n<ul class=\"liens-liste\">\n<li>Commission de la Construction Qu\u00e9bec<br \/>\n<a href=\"https:\/\/www.ccq.org\" target=\"_blank\">www.ccq.org<\/a><\/li>\n<li>Minist\u00e8re de la s\u00e9curit\u00e9 publique<br \/>\n<a href=\"https:\/\/www.msp.gouv.qc.ca\" target=\"_blank\">www.msp.gouv.qc.ca<\/a><\/li>\n<li>Sprinklersaves<br \/>\n<a href=\"https:\/\/sprinklersaves.blogspot.ca\/\" target=\"_blank\">sprinklersaves.blogspot.ca<\/a><\/li>\n<li style=\"margin-top: 60px;\"><\/li>\n<li>Faces of Fire demonstration<br \/>\n<a href=\"https:\/\/www.youtube.com\/watch?v=4Ar1yX_RDgo\" target=\"_blank\">www.youtube.com\/watch?v=4Ar1yX_RDgo<\/a><\/li>\n<li>Jersey Fire &amp; Rescue-Sprinklers Dispelling the Myths<br \/>\n<a href=\"https:\/\/www.youtube.com\/watch?v=mv2cRK0pcRA\" target=\"_blank\">www.youtube.com\/watch?v=mv2cRK0pcRA<\/a><\/li>\n<\/ul>\n<\/div>\n","protected":false},"excerpt":{"rendered":"Useful links Canadian Automatic Sprinkler Association www.casa-firesprinkler.org Society of Fire Protection Engineers www.sfpe.org American Fire Sprinkler Association www.sprinklernet.org National Fire Protection Association www.nfpa.org Home Fire Sprinkler Association www.homefiresprinkler.org Association de la Construction Qu\u00e9bec www.acq.org R\u00e9gie du B\u00e2timent Qu\u00e9bec www.rbq.gouv.qc.ca Commission de la Construction Qu\u00e9bec www.ccq.org Minist\u00e8re de la s\u00e9curit\u00e9 publique www.msp.gouv.qc.ca Sprinklersaves sprinklersaves.blogspot.ca Faces of&#8230;<br><a class=\"moretag\" href=\"https:\/\/cmeici.com\/en\/sprinkler-systems\/useful-links\/\">Read more<\/a>","protected":false},"author":1,"featured_media":0,"parent":182,"menu_order":28,"comment_status":"open","ping_status":"closed","template":"","meta":[],"_links":{"self":[{"href":"https:\/\/cmeici.com\/en\/wp-json\/wp\/v2\/pages\/186\/"}],"collection":[{"href":"https:\/\/cmeici.com\/en\/wp-json\/wp\/v2\/pages\/"}],"about":[{"href":"https:\/\/cmeici.com\/en\/wp-json\/wp\/v2\/types\/page\/"}],"author":[{"embeddable":true,"href":"https:\/\/cmeici.com\/en\/wp-json\/wp\/v2\/users\/1\/"}],"replies":[{"embeddable":true,"href":"https:\/\/cmeici.com\/en\/wp-json\/wp\/v2\/comments\/?post=186"}],"version-history":[{"count":9,"href":"https:\/\/cmeici.com\/en\/wp-json\/wp\/v2\/pages\/186\/revisions\/"}],"predecessor-version":[{"id":697,"href":"https:\/\/cmeici.com\/en\/wp-json\/wp\/v2\/pages\/186\/revisions\/697\/"}],"up":[{"embeddable":true,"href":"https:\/\/cmeici.com\/en\/wp-json\/wp\/v2\/pages\/182\/"}],"wp:attachment":[{"href":"https:\/\/cmeici.com\/en\/wp-json\/wp\/v2\/media\/?parent=186"}],"curies":[{"name":"wp","href":"https:\/\/api.w.org\/{rel}","templated":true}]}}