{"id":172,"date":"2014-09-18T16:38:21","date_gmt":"2014-09-18T15:38:21","guid":{"rendered":"https:\/\/cmeici.com\/?page_id=172"},"modified":"2014-09-26T14:38:43","modified_gmt":"2014-09-26T13:38:43","slug":"members-list","status":"publish","type":"page","link":"https:\/\/cmeici.com\/en\/members\/members-list\/","title":{"rendered":"Members list"},"content":{"rendered":"<p>CMEICI affiliated contractors are the best in the business and represent more then <strong>75% of all worked hours.\u00a0<\/strong>When you pick a member of the CMEICI, you are choosing some of the most skilled workers in this very specialized field.<\/p>\n<div id=\"js-masonry\"><div class=\"loop-item\"><div><h2>Gicleur Moderne inc.<\/h2><p><p>Ron Cornelow<br \/>\n871, Mont\u00e9e de Liesse<br \/>\n<strong>St-Laurent, Qc. H4T 1P5<br \/>\n<\/strong>Tel.: 514-733-8267<br \/>\nFax: 514-733-6457<br \/>\nEmail: <a href=\"mailto:modernsprinklers@qc.aibn.com\">modernsprinklers@qc.aibn.com<\/a><\/p>\n<\/p><\/div><\/div><div class=\"loop-item\"><div><h2>Gicleurs de l&#8217;Estrie inc.<\/h2><p><p>Denis Provencher<br \/>\n1110, rue B\u00e9langer<br \/>\n<strong>Sherbrooke, Qc. J1K 3B6<\/strong><br \/>\nTel.: 819-822-0613<br \/>\nFax: 819-822-0682<br \/>\nEmail: <a href=\"mailto:gicleursestrie@qc.aira.com\">gicleursestrie@qc.aira.com<\/a><\/p>\n<\/p><\/div><\/div><div class=\"loop-item\"><div><h2>Les Gicleurs Acme lt\u00e9e<\/h2><p><p>Yannick Peloquin<br \/>\n105. rue De La Barre<br \/>\n<strong>Boucherville, Qc. J4B 2X6<\/strong><br \/>\nTel.: 450-655-9820<br \/>\nFax: 450-655-9828<br \/>\nEmail: <a href=\"mailto:ypeloquin@gicleursacme.com\">ypeloquin@gicleursacme.com<\/a><br \/>\nWebsite: <a title=\"acme\" href=\"https:\/\/www.gicleursacme.com\/en\" target=\"_blank\" rel=\"noopener noreferrer\">www.gicleursacme.com\/en<\/a><\/p>\n<\/p><\/div><\/div><div class=\"loop-item\"><div><h2>Les Gicleurs du Nord inc.<\/h2><p><p>Jean G\u00e9linas<br \/>\n440, rue du Moulin C.P. 265<br \/>\n<strong>Barraute, Qc. J0Y 1A0<\/strong><br \/>\nTel.: 819-734-6315<br \/>\nFax: 819-734-1320<br \/>\nEmail: <a href=\"mailto:jean-gdn@cableamos.com\">jean-gdn@cableamos.com<\/a><br \/>\nWebsite: <a title=\"nord\" href=\"https:\/\/gicleursdunord.com\/en\/sites\/GicleursDuNord\/index.aspx\" target=\"_blank\">gicleursdunord.com\/en<\/a><\/p>\n<\/p><\/div><\/div><div class=\"loop-item\"><div><h2>Protection Incendie Id\u00e9al inc.<\/h2><p><p>Gilles Lafrance<br \/>\n1095, rue Berlier<br \/>\n<strong>Laval, Qc. H7L 3Z1<br \/>\n<\/strong>Tel.: 450-628-0101<br \/>\nFax: 450-662-3503<br \/>\nEmail: <a href=\"mailto:g.lafrance@pideal.ca\">g.lafrance@pideal.ca<\/a><br \/>\nWebsite: <a title=\"ideal\" href=\"https:\/\/www.pideal.ca\/en\/\" target=\"_blank\">www.pideal.ca\/en<\/a><\/p>\n<\/p><\/div><\/div><div class=\"loop-item\"><div><h2>Protection Incendie Roberts lt\u00e9e<\/h2><p><p>Marc Turgeon<br \/>\n26A boul. Hymus<br \/>\n<strong>Pointe Claire, Qc. H9R 1C9<\/strong><br \/>\nTel.: 514-695-7070<br \/>\nFax: 514-695-0311<br \/>\nEmail: <a href=\"mailto:marc.turgeon@piroberts.ca\">marc.turgeon@piroberts.ca<\/a><br \/>\nWebsite: <a title=\"roberts\" href=\"https:\/\/www.vipond.ca\" target=\"_blank\">www.vipond.ca<\/a><\/p>\n<\/p><\/div><\/div><div class=\"loop-item\"><div><h2>Protection Incendie Viking inc.<\/h2><p><p>Maurice Lareau<br \/>\n3005, boul Pitfield<br \/>\n<strong>St-Laurent, Qc. H4S 1H4<\/strong><br \/>\nTel.: 514-332-5110<br \/>\nFax: 514-332-6260<br \/>\nEmail: <a href=\"mailto:montreal@vikingfire.ca\">montreal@vikingfire.ca<\/a><br \/>\n<strong>Qu\u00e9bec, Qc.<\/strong><br \/>\nTel.: 418-687-4222<br \/>\nFax: 418-687-9937<br \/>\nEmail: <a href=\"mailto:jonquiere@vikingfire.ca\">quebec@vikingfire.ca<\/a><br \/>\n<strong>Jonqui\u00e8re, Qc.<\/strong><br \/>\nTel.: 418-547-5247<br \/>\nFax: 418-547-6621<br \/>\nEmail: <a href=\"mailto:sherbrooke@vikingfire.ca\">jonquiere@vikingfire.ca<\/a><br \/>\n<strong>Sherbrooke, Qc.<\/strong><br \/>\nTel.: 819-821-3377<br \/>\nFax: 819-821-3378<br \/>\nEmail: <a href=\"mailto:mdemers@tycoint.com\">sherbrooke@vikingfire.ca<\/a><br \/>\nWebsite: <a title=\"Viking\" href=\"https:\/\/www.vikingfire.ca\/en\/Default.aspx\" target=\"_blank\">www.vikingfire.ca\/en<\/a><\/p>\n<\/p><\/div><\/div><div class=\"loop-item\"><div><h2>Tuyauterie N.R.J. inc.<\/h2><p><p>Jacques N\u00e9ron<br \/>\n2500 Alexis-Le-Trotteur<br \/>\n<strong>Jonqui\u00e8re, Qc. G7X 0G1<\/strong><br \/>\nTel.: 418-542-0251<br \/>\nFax: 418-542-7430<br \/>\nEmail:\u00a0<a href=\"mailto:nrj@tuyauterienrj.com\">nrj@tuyauterienrj.com<\/a><\/p>\n<\/p><\/div><\/div><div class=\"loop-item\"><div><h2>Tyco Feu et S\u00e9curit\u00e9 Int\u00e9gr\u00e9s<\/h2><p><p>Marc Demers<br \/>\n5800, boul. Henri Bourassa Ouest<br \/>\n<strong>St-Laurent, Qc. H4R 1V9<\/strong><br \/>\nTel.: 514-737-5505<br \/>\nFax: 514-737-1602<br \/>\nEmail: <a href=\"mailto:mdemers@simplexgrinnell.com\">mdemers@simplexgrinnell.com<\/a><br \/>\n<strong>Qu\u00e9bec, Qc.<\/strong><br \/>\nTel.: 418-681-4242<br \/>\nFax: 418-681-7112<br \/>\n<strong>Chicoutimi, Qc.<\/strong><br \/>\nTel: 418-696-0474<br \/>\nFax: 418-696-0477<br \/>\n<strong>Sherbrooke, Qc.<\/strong><br \/>\nTel: 819-346-1997<br \/>\nFax: 819-346-2320<br \/>\nWebsite: <a title=\"tyco\" href=\"https:\/\/www.tycoifs.ca\/en\/\" target=\"_blank\" rel=\"noopener noreferrer\">www.tycoifs.ca\/en<\/a><\/p>\n<\/p><\/div><\/div><\/div>\n<h4>Associated professionals and suppliers\u00a0:<\/h4>\n<p>A list of all our associate suppliers and professionals.<\/p>\n<div id=\"js-masonry-associes\"><div class=\"loop-item\"><div><h2>Armstrong Fluid Technology<\/h2><p><p>Michel Gagnon<br \/>\n9001 de l&#8217;Innovation, bureau 200<br \/>\n<strong>Anjou, Qc. H1J 2X9<\/strong><br \/>\nTel.: 514-352-2424 poste 228<br \/>\nFax: 514-352-2425<br \/>\nEmail : <a href=\"mailto:mgagnon@armstrongfluidtechnology.com\">mgagnon@armstrongfluidtechnology.com<\/a><br \/>\nWebsite : <a href=\"https:\/\/www.armstrongpumps.com\" target=\"_blank\">www.armstrongpumps.com<\/a><\/p>\n<\/p><\/div><\/div><div class=\"loop-item\"><div><h2>Can-Aqua International<\/h2><p><p>Fran\u00e7ois Bernard<br \/>\n2250, boul. Dagenais ouest<br \/>\n<strong>Laval, Qc. H7L 5Y2<br \/>\n<\/strong>Tel.: 450-625-3088<br \/>\nFax: 450-625-3365<br \/>\nEmail: <a href=\"mailto:francois.bernard@can-aqua.ca\">francois.bernard@can-aqua.ca<br \/>\n<\/a>Website: <a href=\"https:\/\/www.can-aqua.ca\/\" target=\"_blank\">www.can-aqua.ca<\/a><\/p>\n<\/p><\/div><\/div><div class=\"loop-item\"><div><h2>Dynapompe Inc<\/h2><p><p>St\u00e9phane Allard<br \/>\n5420 rue Par\u00e9<br \/>\n<strong>Montr\u00e9al, QC, H4P 1R3<\/strong><br \/>\nTel.: 514-342-3030<br \/>\nFax: 514-342-3421<br \/>\nEmail: <a href=\"mailto:sallard@dynapompe.com\">sallard@dynapompe.com<\/a><br \/>\nWebsite: <a href=\"https:\/\/www.dynapompe.com\/\" target=\"_blank\">www.dynapompe.com<\/a><\/p>\n<\/p><\/div><\/div><div class=\"loop-item\"><div><h2>Entreprises Roland Lajoie inc.<\/h2><p><p>6221, rue Marivaux<\/p>\n<p>Saint-L\u00e9onard Qc<\/p>\n<p>H1P 3H6<\/p>\n<p><strong>M. Nicolas Brien<\/strong><\/p>\n<p>T\u00e9l : 450 328-6645<\/p>\n<p>Courriel : <a href=\"mailto:fdelaune@lajoie.co\">nbrien@lajoie.co<\/a><\/p>\n<p>Site internet : <a href=\"https:\/\/www.lajoie.co\/en\/\" target=\"_blank\" rel=\"noopener\">www.lajoie.co<\/a><\/p>\n<\/p><\/div><\/div><div class=\"loop-item\"><div><h2>Extral Distribution Inc.<\/h2><p><p>Jos\u00e9e Verreault<br \/>\n2585, Boul. Chomedey<br \/>\n<strong>Laval, Qc. H7T 2R2<\/strong><br \/>\nTel.: 450-688-5551<br \/>\nFax: 450-688-4889<br \/>\nEmail: <a href=\"mailto:extraldist@bellnet.ca\">extraldist@bellnet.ca<\/a><\/p>\n<\/p><\/div><\/div><div class=\"loop-item\"><div><h2>Flocor<\/h2><p><p>Denis Charette<br \/>\n1820 Chemin St-Fran\u00e7ois<br \/>\n<strong>Dorval, QC, H9P 2P6<\/strong><br \/>\nTel.: 514-342-2100<br \/>\nFax: 514-342-2177<br \/>\nEmail: <a href=\"mailto:dcharette@flocor.ca\">dcharette@flocor.ca<\/a><br \/>\nWebsite: <a href=\"https:\/\/www.flocor.ca\/\" target=\"_blank\">www.flocor.ca<\/a><\/p>\n<\/p><\/div><\/div><div class=\"loop-item\"><div><h2>HCT-World<\/h2><p><p>M. Andr\u00e9 Bourassa<br \/>\nEncapsulator Technology Specialist<br \/>\nHCT-World<br \/>\n150 Walter Way<br \/>\nFayetteville, Ga<br \/>\n30214<br \/>\nTel: 1-514-922-5039<br \/>\nEmail: abourassa@hct-world.com<\/p>\n<\/p><\/div><\/div><div class=\"loop-item\"><div><h2>Hydratec Inc<\/h2><p><p>Art Dove<br \/>\n64 Haverhill Rd<br \/>\n<strong>Wihdham, NH, USA, 03087<\/strong><br \/>\nTel.: 603-434-0502<br \/>\nFax: 603-434-1348<br \/>\nEmail: <a href=\"mailto:sales@hydracad.com\" target=\"_blank\">sales@hydracad.com<\/a><br \/>\nWebsite: <a href=\"https:\/\/www.hydracad.com\/\" target=\"_blank\">www.hydracad.com<\/a><\/p>\n<\/p><\/div><\/div><div class=\"loop-item\"><div><h2>Johnson Controls<\/h2><p><p><strong>Antony Innamorato<\/strong><br \/>\n5800 Henri-Bourassa Ouest<br \/>\n<strong>Saint-Laurent, Qu\u00e9bec\u00a0 <\/strong><\/p>\n<p>H4R 1V9<\/p>\n<p>T\u00e9l. : 1-263-999-6613<\/p>\n<p>Courriel : <a href=\"mailto:michael.keating@tycofp.com\">anthony.innamorato@jci.com\u00a0<\/a><br \/>\nSite Internet : <a href=\"https:\/\/www.tyco-fire.com\">www.johnsoncontrols.com<\/a><\/p>\n<\/p><\/div><\/div><div class=\"loop-item\"><div><h2>Les Agences Rafales inc.<\/h2><p><p>Alain Bruneau<br \/>\n353 McCaffrey Rd<br \/>\n<strong>Montr\u00e9al (Qu\u00e9bec) H4T 2Z7<\/strong><br \/>\nT\u00e9l. : 514-905-5684<br \/>\nEmail :<a href=\"mailto:alain@rafales.com\"><span style=\"color: #000120;\"> alain@rafales.com<\/span><\/a><br \/>\nWebsite : <a href=\"https:\/\/www.rafales.com\/\" target=\"_blank\" rel=\"noopener noreferrer\">www.rafales.com<\/a><\/p>\n<\/p><\/div><\/div><div class=\"loop-item\"><div><h2>LynCar Fire Inc.<\/h2><p><p>Roger Leclerc<br \/>\n2 &#8211; 100, Boul. Westcreek<br \/>\n<strong>Brampton (Ontario) L6T 5V7<\/strong><br \/>\nTel. : 1 800 263-7011<br \/>\nFax : 1 800 459-6227<br \/>\nEmail : <a href=\"mailto:rleclerc@lyncar.com\"><u><span style=\"color: #000120;\">rleclerc@lyncar.com<\/span><\/u><\/a><br \/>\nWebsite : <a href=\"https:\/\/www.lyncarfire.com\/\" target=\"_blank\" rel=\"noopener noreferrer\">www.lyncarfire.com<\/a><\/p>\n<\/p><\/div><\/div><div class=\"loop-item\"><div><h2>Pr\u00e9vention Incendie Safety First Inc.<\/h2><p><p>Denis Villeneuve<br \/>\n2805, boul. Losch<br \/>\n<strong>St-Hubert, Qc. J3Y 3V6<\/strong><br \/>\nTel.: 514-866-8683<br \/>\nFax: 450-445-4250<br \/>\nEmail: <a href=\"mailto:dvilleneuve@safetyfirst-int.com\">dvilleneuve@safetyfirst-int.com<\/a><br \/>\nWebsite: <a href=\"https:\/\/www.safetyfirst-int.com\/\" target=\"_blank\">www.safetyfirst-int.com<\/a><\/p>\n<\/p><\/div><\/div><div class=\"loop-item\"><div><h2>Protection Incendie MLH lt\u00e9e<\/h2><p><p>Chris Bedard<br \/>\n209, rue Robinson<br \/>\n<strong>St-Eustache, Qc. J7R 5V7<\/strong><br \/>\nTel.: 450-473-2602<br \/>\nFax: 450-473-7571<br \/>\nEmail: <a href=\"mailto:chris.bedard@mlhfire.com\">chris.bedard@mlhfire.com<\/a><br \/>\nWebsite: <a href=\"https:\/\/www.mlhfire.com\/\" target=\"_blank\">www.mlhfire.com<\/a><\/p>\n<\/p><\/div><\/div><div class=\"loop-item\"><div><h2>Reliable Automatic Sprinkler Co. inc.<\/h2><p><p>Matt C. Squirell<br \/>\n202-15388 24th Avenue<br \/>\n<strong>Surrey, BC, V4A 2J2<\/strong><br \/>\nTel.: 604-542-1864<br \/>\nEmail: <a href=\"mailto:msquirell@reliablesprinkler.com\">msquirell@reliablesprinkler.com<\/a><br \/>\nWebsite: <a href=\"https:\/\/www.reliablesprinkler.com\" target=\"_blank\">www.reliablesprinkler.com<\/a><\/p>\n<\/p><\/div><\/div><div class=\"loop-item\"><div><h2>SCS Canada, une division Groupe Polygon<\/h2><p><p>Jonathan Roger<br \/>\n1935, boul. Lionel-Bertrand<br \/>\n<strong>Boisbriand, Qc. J7H 1N8<\/strong><br \/>\nTel.: 450-430-7031<br \/>\nFax: 450-430-9170<br \/>\nEmail: jroger@polygon.ca<br \/>\nWebsite: <a href=\"https:\/\/www.scscanada.ca\/\" target=\"_blank\" rel=\"noopener\">www.scscanada.ca<\/a><\/p>\n<\/p><\/div><\/div><div class=\"loop-item\"><div><h2>Syst\u00e8mes Fireflex<\/h2><p><p>Raymond Quenneville<br \/>\n1935, boul. Lionel-Bertrand<br \/>\n<strong>Boisbriand, Qc. J7H 1N8<\/strong><br \/>\nTel.: 450-437-3473<br \/>\nFax: 450-437-1930<br \/>\nEmail: <a href=\"mailto:rquenneville@fireflex.com\">rquenneville@fireflex.com<\/a><br \/>\nWebsite: <a href=\"https:\/\/www.fireflex.com\/\" target=\"_blank\">www.fireflex.com<\/a><\/p>\n<\/p><\/div><\/div><div class=\"loop-item\"><div><h2>V\u00e9zina assurances inc.<\/h2><p><p>St\u00e9phane Massie<br \/>\n4374, Pierre-de-Coubertin, bureau 220<br \/>\n<strong>Montr\u00e9al, Qc. H1V 1A6<\/strong><br \/>\nTel.: 514-253-5221<br \/>\nFax: 514-253-4453<br \/>\nEmail: <a href=\"mailto:smassie@vezinainc.com\">smassie@vezinainc.com<\/a><br \/>\nWebsite: <a href=\"https:\/\/www.vezinainc.com\/\" target=\"_blank\">www.vezinainc.com<\/a><\/p>\n<\/p><\/div><\/div><div class=\"loop-item\"><div><h2>Ward Canada<\/h2><p><p>Gilles Levert<br \/>\n709 Dr Letondale<br \/>\n<strong>Deux-Montagnes (QC) J7R 6E9<\/strong><br \/>\nTel. : 514 592-0571<br \/>\nFax : 905 564-6475<br \/>\nEmail : <a href=\"mailto:gilles.levert@wardmfg.com\">gilles.levert@wardmfg.com<\/a><br \/>\nWebsite : <a href=\"https:\/\/www.wardmfg.com\/\" target=\"_blank\">www.wardmfg.com<\/a><\/p>\n<\/p><\/div><\/div><div class=\"loop-item\"><div><h2>Xylem Inc<\/h2><p><p>Dominik Bilodeau<br \/>\n300 Avenue Labrosse<br \/>\n<b>Pointe-Claire (QC) H9R 4V5<\/b><br \/>\nTel. : 514 336-7660 poste 233<br \/>\nFax : 514 333-8971<br \/>\nEmail : <a href=\"mailto:dominik.bilodeau@xyleminc.com\">dominik.bilodeau@xyleminc.com<\/a><br \/>\nWebsite : <a href=\"https:\/\/www.xyleminc.com\/\" target=\"_blank\" rel=\"noopener noreferrer\">www.xyleminc.com<\/a><\/p>\n<\/p><\/div><\/div><\/div>\n","protected":false},"excerpt":{"rendered":"CMEICI affiliated contractors are the best in the business and represent more then 75% of all worked hours.\u00a0When you pick a member of the CMEICI, you are choosing some of the most skilled workers in this very specialized field. Associated professionals and suppliers\u00a0: A list of all our associate suppliers and professionals.","protected":false},"author":1,"featured_media":0,"parent":167,"menu_order":16,"comment_status":"open","ping_status":"closed","template":"","meta":[],"_links":{"self":[{"href":"https:\/\/cmeici.com\/en\/wp-json\/wp\/v2\/pages\/172\/"}],"collection":[{"href":"https:\/\/cmeici.com\/en\/wp-json\/wp\/v2\/pages\/"}],"about":[{"href":"https:\/\/cmeici.com\/en\/wp-json\/wp\/v2\/types\/page\/"}],"author":[{"embeddable":true,"href":"https:\/\/cmeici.com\/en\/wp-json\/wp\/v2\/users\/1\/"}],"replies":[{"embeddable":true,"href":"https:\/\/cmeici.com\/en\/wp-json\/wp\/v2\/comments\/?post=172"}],"version-history":[{"count":9,"href":"https:\/\/cmeici.com\/en\/wp-json\/wp\/v2\/pages\/172\/revisions\/"}],"predecessor-version":[{"id":544,"href":"https:\/\/cmeici.com\/en\/wp-json\/wp\/v2\/pages\/172\/revisions\/544\/"}],"up":[{"embeddable":true,"href":"https:\/\/cmeici.com\/en\/wp-json\/wp\/v2\/pages\/167\/"}],"wp:attachment":[{"href":"https:\/\/cmeici.com\/en\/wp-json\/wp\/v2\/media\/?parent=172"}],"curies":[{"name":"wp","href":"https:\/\/api.w.org\/{rel}","templated":true}]}}