{"id":158,"date":"2014-09-18T16:35:02","date_gmt":"2014-09-18T15:35:02","guid":{"rendered":"https:\/\/cmeici.com\/?page_id=158"},"modified":"2014-09-26T16:47:05","modified_gmt":"2014-09-26T15:47:05","slug":"achievements","status":"publish","type":"page","link":"https:\/\/cmeici.com\/en\/about-us\/achievements\/","title":{"rendered":"Achievements"},"content":{"rendered":"<p>As part of its mission to protect the identity of the highly specialized profession of fire protection contractor, the CMEICI has launched several initiatives to ensure compliance with or implementation of best practices. It has also contributed actively to various important issues having a tangible impact on the profession and spearheaded by other organizations.<\/p>\n<div id=\"js-masonry\"><div class=\"loop-item\"><img src=\"https:\/\/cmeici.com\/wp-content\/uploads\/2014\/09\/porte-parole.jpg\" class=\"attachment-321x321 size-321x321 wp-post-image\" alt=\"\" loading=\"lazy\" srcset=\"https:\/\/cmeici.com\/wp-content\/uploads\/2014\/09\/porte-parole.jpg 1000w, https:\/\/cmeici.com\/wp-content\/uploads\/2014\/09\/porte-parole-250x166.jpg 250w, https:\/\/cmeici.com\/wp-content\/uploads\/2014\/09\/porte-parole-700x466.jpg 700w, https:\/\/cmeici.com\/wp-content\/uploads\/2014\/09\/porte-parole-120x80.jpg 120w, https:\/\/cmeici.com\/wp-content\/uploads\/2014\/09\/porte-parole-600x400.jpg 600w\" sizes=\"(max-width: 321px) 100vw, 321px\" \/><div><h2>Official spokesperson for the automatic sprinkler industry<\/h2><p><p>The Minist\u00e8re de la S\u00e9curit\u00e9 publique considers the CMEICI to be the official spokesperson for the automatic sprinkler industry.<\/p>\n<\/p><\/div><\/div><div class=\"loop-item\"><img src=\"https:\/\/cmeici.com\/wp-content\/uploads\/2014\/09\/personnes-agees.jpg\" class=\"attachment-321x321 size-321x321 wp-post-image\" alt=\"\" loading=\"lazy\" srcset=\"https:\/\/cmeici.com\/wp-content\/uploads\/2014\/09\/personnes-agees.jpg 1000w, https:\/\/cmeici.com\/wp-content\/uploads\/2014\/09\/personnes-agees-250x166.jpg 250w, https:\/\/cmeici.com\/wp-content\/uploads\/2014\/09\/personnes-agees-700x466.jpg 700w, https:\/\/cmeici.com\/wp-content\/uploads\/2014\/09\/personnes-agees-120x80.jpg 120w, https:\/\/cmeici.com\/wp-content\/uploads\/2014\/09\/personnes-agees-600x400.jpg 600w\" sizes=\"(max-width: 321px) 100vw, 321px\" \/><div><h2>Mandatory installation in seniors&#8217; residences<\/h2><p><p>The CMEICI is the driving force behind the mandatory installation of automatic sprinkler systems in seniors&#8217; residences.<\/p>\n<\/p><\/div><\/div><div class=\"loop-item\"><img src=\"https:\/\/cmeici.com\/wp-content\/uploads\/2014\/09\/gicleur.jpg\" class=\"attachment-321x321 size-321x321 wp-post-image\" alt=\"\" loading=\"lazy\" srcset=\"https:\/\/cmeici.com\/wp-content\/uploads\/2014\/09\/gicleur.jpg 1000w, https:\/\/cmeici.com\/wp-content\/uploads\/2014\/09\/gicleur-250x190.jpg 250w, https:\/\/cmeici.com\/wp-content\/uploads\/2014\/09\/gicleur-700x532.jpg 700w, https:\/\/cmeici.com\/wp-content\/uploads\/2014\/09\/gicleur-120x91.jpg 120w, https:\/\/cmeici.com\/wp-content\/uploads\/2014\/09\/gicleur-600x456.jpg 600w\" sizes=\"(max-width: 321px) 100vw, 321px\" \/><div><h2>Separated calls for tenders<\/h2><p><p>The CMEICI\u00a0separated out calls for tenders specific to traditional sprinkler systems that fall under the &#8220;Plumbing&#8221; section.<\/p>\n<\/p><\/div><\/div><div class=\"loop-item\"><div><h2>Exclusive jurisdiction of the fire protection mechanic<\/h2><span>October 4, 2012<\/span><p><p>After substantial efforts by both the CMEICI and Local 3 of the FTQ, the construction industry commissioner ruled that the installation of fire protection systems, including the installation of all system activation devices (detection, wiring, accessories) and extinction networks, falls under the <strong>exclusive<\/strong> jurisdiction of the trade of fire protection mechanic.<\/p>\n<\/p><\/div><\/div><div class=\"loop-item\"><div><h2>Developing of a mobile school<\/h2><span>August 30, 2010<\/span><p><p>The CMEICI, the CCQ, and Local 3 of the FTQ worked together to develop a mobile school. This unit, equipped with leading-edge technology (water, air, pre-action, foam , fire pump sprinkler systems, etc.) and a classroom, travels the province to offer professional development courses to fire protection mechanics.<\/p>\n<\/p><\/div><\/div><div class=\"loop-item\"><img src=\"https:\/\/cmeici.com\/wp-content\/uploads\/2014\/09\/formation-600x600.jpg\" class=\"attachment-321x321 size-321x321 wp-post-image\" alt=\"\" loading=\"lazy\" srcset=\"https:\/\/cmeici.com\/wp-content\/uploads\/2014\/09\/formation-600x600.jpg 600w, https:\/\/cmeici.com\/wp-content\/uploads\/2014\/09\/formation-150x150.jpg 150w, https:\/\/cmeici.com\/wp-content\/uploads\/2014\/09\/formation-250x250.jpg 250w, https:\/\/cmeici.com\/wp-content\/uploads\/2014\/09\/formation-700x700.jpg 700w, https:\/\/cmeici.com\/wp-content\/uploads\/2014\/09\/formation-120x120.jpg 120w, https:\/\/cmeici.com\/wp-content\/uploads\/2014\/09\/formation.jpg 1000w\" sizes=\"(max-width: 321px) 100vw, 321px\" \/><div><h2>First course for fire protection mechanics<\/h2><span>January 1, 2003<\/span><p><p>The CMEICI was involved in developing the very first course for fire protection mechanics and, together with the CCQ and the Minist\u00e8re de l\u2019\u00c9ducation, oversees occasional updates to the course.<\/p>\n<\/p><\/div><\/div><div class=\"loop-item\"><img src=\"https:\/\/cmeici.com\/wp-content\/uploads\/2014\/09\/test.jpg\" class=\"attachment-321x321 size-321x321 wp-post-image\" alt=\"\" loading=\"lazy\" srcset=\"https:\/\/cmeici.com\/wp-content\/uploads\/2014\/09\/test.jpg 1000w, https:\/\/cmeici.com\/wp-content\/uploads\/2014\/09\/test-250x166.jpg 250w, https:\/\/cmeici.com\/wp-content\/uploads\/2014\/09\/test-700x466.jpg 700w, https:\/\/cmeici.com\/wp-content\/uploads\/2014\/09\/test-120x80.jpg 120w, https:\/\/cmeici.com\/wp-content\/uploads\/2014\/09\/test-600x400.jpg 600w\" sizes=\"(max-width: 321px) 100vw, 321px\" \/><div><h2>Upgrading the promotion examinations<\/h2><span>January 1, 2003<\/span><p><p>The CMEICI partnered with the CCQ and industry experts to upgrade the promotion examinations for journeymen.<\/p>\n<\/p><\/div><\/div><div class=\"loop-item\"><div><h2>Raising awareness in several municipalities<\/h2><span>January 1, 1987<\/span><p>The CMEICI, in collaboration with the Direction g\u00e9n\u00e9rale de la pr\u00e9vention des incendies of the Minist\u00e8re des Affaires municipales, worked to raise awareness among industry decision-makers of the real impact of automatic sprinkler systems on protecting lives and property. This led several municipalities, such as C\u00f4te-Saint-Luc, Westmount, Saint-Eustache, Saint-Antoine, etc., to legislate mandatory automatic sprinkler...<br><a class=\"moretag\" href=\"https:\/\/cmeici.com\/en\/realisations\/raising-awareness-in-several-municipalities\/\">Read more<\/a><\/p><\/div><\/div><\/div>\n","protected":false},"excerpt":{"rendered":"As part of its mission to protect the identity of the highly specialized profession of fire protection contractor, the CMEICI has launched several initiatives to ensure compliance with or implementation of best practices. It has also contributed actively to various important issues having a tangible impact on the profession and spearheaded by other organizations.","protected":false},"author":1,"featured_media":0,"parent":155,"menu_order":22,"comment_status":"open","ping_status":"open","template":"","meta":[],"_links":{"self":[{"href":"https:\/\/cmeici.com\/en\/wp-json\/wp\/v2\/pages\/158\/"}],"collection":[{"href":"https:\/\/cmeici.com\/en\/wp-json\/wp\/v2\/pages\/"}],"about":[{"href":"https:\/\/cmeici.com\/en\/wp-json\/wp\/v2\/types\/page\/"}],"author":[{"embeddable":true,"href":"https:\/\/cmeici.com\/en\/wp-json\/wp\/v2\/users\/1\/"}],"replies":[{"embeddable":true,"href":"https:\/\/cmeici.com\/en\/wp-json\/wp\/v2\/comments\/?post=158"}],"version-history":[{"count":7,"href":"https:\/\/cmeici.com\/en\/wp-json\/wp\/v2\/pages\/158\/revisions\/"}],"predecessor-version":[{"id":577,"href":"https:\/\/cmeici.com\/en\/wp-json\/wp\/v2\/pages\/158\/revisions\/577\/"}],"up":[{"embeddable":true,"href":"https:\/\/cmeici.com\/en\/wp-json\/wp\/v2\/pages\/155\/"}],"wp:attachment":[{"href":"https:\/\/cmeici.com\/en\/wp-json\/wp\/v2\/media\/?parent=158"}],"curies":[{"name":"wp","href":"https:\/\/api.w.org\/{rel}","templated":true}]}}