{"id":157,"date":"2014-09-18T16:34:57","date_gmt":"2014-09-18T15:34:57","guid":{"rendered":"https:\/\/cmeici.com\/?page_id=157"},"modified":"2014-10-01T16:25:13","modified_gmt":"2014-10-01T15:25:13","slug":"history","status":"publish","type":"page","link":"https:\/\/cmeici.com\/en\/about-us\/history\/","title":{"rendered":"History"},"content":{"rendered":"<p>The first automatic sprinkler systems were installed in 1852 in the thread mills in New England but still required some human intervention to open the water supply valves. In 1874, Henry S. Parmalee installed the first completely automatic system in his piano factory in Connecticut. In 1881, Frederick Grinnell improved on the sprinkler developed by Parmelee and obtained a patent for his system. Grinnell sprinklers are still sold today.<\/p>\n<p>Given the proven efficacy of automatic sprinkler systems, installations have skyrocketed across North America. In Qu\u00e9bec, the Corporation of Master Fire Protection Contractors was formed in 1964.<\/p>\n<h2>Mission<\/h2>\n<p>The CMEICI&#8217;s mission is to represent fire protection contractors in Qu\u00e9bec, in order to inform them of legal requirements, determine, maintain and, where applicable, improve professional standards, as well as regulate the professional conduct of its members and promote their common interests.<\/p>\n<blockquote><p>determine, maintain and, where applicable, improve professional standards<\/p><\/blockquote>\n<p>Hence why the CMEICI has a duty to protect the identity of a highly specialized trade, and why it requires its members to adhere to the highest standards in the design and installation of fire protection systems.<\/p>\n<p>To this end, the CMEICI works with other stakeholders, such as the Ordre des ing\u00e9nieurs du Qu\u00e9bec, the R\u00e9gie du b\u00e2timent du Qu\u00e9bec (RBQ), the Commission de la construction du Qu\u00e9bec (CCQ), and the Regroupement des corporations et associations d\u2019entrepreneurs sp\u00e9cialis\u00e9s de l\u2019industrie de la construction du Qu\u00e9bec (RCAESICQ), in the aim of preventing loss of life and limiting property damage from fires in the places where Qu\u00e9becers work, live and play.<\/p>\n","protected":false},"excerpt":{"rendered":"The first automatic sprinkler systems were installed in 1852 in the thread mills in New England but still required some human intervention to open the water supply valves. In 1874, Henry S. Parmalee installed the first completely automatic system in his piano factory in Connecticut. In 1881, Frederick Grinnell improved on the sprinkler developed by&#8230;<br><a class=\"moretag\" href=\"https:\/\/cmeici.com\/en\/about-us\/history\/\">Read more<\/a>","protected":false},"author":1,"featured_media":252,"parent":155,"menu_order":23,"comment_status":"open","ping_status":"closed","template":"","meta":[],"_links":{"self":[{"href":"https:\/\/cmeici.com\/en\/wp-json\/wp\/v2\/pages\/157\/"}],"collection":[{"href":"https:\/\/cmeici.com\/en\/wp-json\/wp\/v2\/pages\/"}],"about":[{"href":"https:\/\/cmeici.com\/en\/wp-json\/wp\/v2\/types\/page\/"}],"author":[{"embeddable":true,"href":"https:\/\/cmeici.com\/en\/wp-json\/wp\/v2\/users\/1\/"}],"replies":[{"embeddable":true,"href":"https:\/\/cmeici.com\/en\/wp-json\/wp\/v2\/comments\/?post=157"}],"version-history":[{"count":11,"href":"https:\/\/cmeici.com\/en\/wp-json\/wp\/v2\/pages\/157\/revisions\/"}],"predecessor-version":[{"id":598,"href":"https:\/\/cmeici.com\/en\/wp-json\/wp\/v2\/pages\/157\/revisions\/598\/"}],"up":[{"embeddable":true,"href":"https:\/\/cmeici.com\/en\/wp-json\/wp\/v2\/pages\/155\/"}],"wp:featuredmedia":[{"embeddable":true,"href":"https:\/\/cmeici.com\/en\/wp-json\/wp\/v2\/media\/252\/"}],"wp:attachment":[{"href":"https:\/\/cmeici.com\/en\/wp-json\/wp\/v2\/media\/?parent=157"}],"curies":[{"name":"wp","href":"https:\/\/api.w.org\/{rel}","templated":true}]}}