{"id":106,"date":"2014-09-12T15:27:33","date_gmt":"2014-09-12T14:27:33","guid":{"rendered":"https:\/\/cmeici.com\/?page_id=106"},"modified":"2014-10-01T16:06:34","modified_gmt":"2014-10-01T15:06:34","slug":"106-2","status":"publish","type":"page","link":"https:\/\/cmeici.com\/en\/","title":{"rendered":"Home"},"content":{"rendered":"<p>Since 2010, there have been at least 7,225 fires each year in Qu\u00e9bec. While there is no price tag that can be placed on a human life, material damages exceed $430 million each year. However, an automatic sprinkler system was present in no more than 10% of cases<sup>1<\/sup>.<\/p>\n<p>Given the effectiveness of these systems at quickly containing a fire, minimizing smoke production, and preventing an explosive temperature increase, the chances of limiting damage from and surviving a fire are greatly increased when a system is present. Therefore, we can only imagine the positive repercussions\u2014on a human and financial scale\u2014if more automatic sprinkler systems were installed in buildings throughout Qu\u00e9bec.<\/p>\n<ol>\n<li><em>Minist\u00e8re de la s\u00e9curit\u00e9 publique. Activity report and statistics on fires reported in 2012.<\/em><\/li>\n<\/ol>\n","protected":false},"excerpt":{"rendered":"Since 2010, there have been at least 7,225 fires each year in Qu\u00e9bec. While there is no price tag that can be placed on a human life, material damages exceed $430 million each year. However, an automatic sprinkler system was present in no more than 10% of cases1. Given the effectiveness of these systems at&#8230;<br><a class=\"moretag\" href=\"https:\/\/cmeici.com\/en\/\">Read more<\/a>","protected":false},"author":1,"featured_media":0,"parent":0,"menu_order":25,"comment_status":"open","ping_status":"open","template":"accueil-template.php","meta":[],"_links":{"self":[{"href":"https:\/\/cmeici.com\/en\/wp-json\/wp\/v2\/pages\/106\/"}],"collection":[{"href":"https:\/\/cmeici.com\/en\/wp-json\/wp\/v2\/pages\/"}],"about":[{"href":"https:\/\/cmeici.com\/en\/wp-json\/wp\/v2\/types\/page\/"}],"author":[{"embeddable":true,"href":"https:\/\/cmeici.com\/en\/wp-json\/wp\/v2\/users\/1\/"}],"replies":[{"embeddable":true,"href":"https:\/\/cmeici.com\/en\/wp-json\/wp\/v2\/comments\/?post=106"}],"version-history":[{"count":5,"href":"https:\/\/cmeici.com\/en\/wp-json\/wp\/v2\/pages\/106\/revisions\/"}],"predecessor-version":[{"id":595,"href":"https:\/\/cmeici.com\/en\/wp-json\/wp\/v2\/pages\/106\/revisions\/595\/"}],"wp:attachment":[{"href":"https:\/\/cmeici.com\/en\/wp-json\/wp\/v2\/media\/?parent=106"}],"curies":[{"name":"wp","href":"https:\/\/api.w.org\/{rel}","templated":true}]}}